{"id":126272,"date":"2024-12-18T17:09:53","date_gmt":"2024-12-18T22:09:53","guid":{"rendered":"https:\/\/latam.cognita.network\/gimnorte-v2\/?page_id=126272"},"modified":"2025-12-05T12:12:05","modified_gmt":"2025-12-05T17:12:05","slug":"politicas","status":"publish","type":"page","link":"https:\/\/colbritanico.edu.co\/es\/politicas\/","title":{"rendered":"Pol\u00edticas"},"content":{"rendered":"\t\t<div data-elementor-type=\"wp-page\" data-elementor-id=\"126272\" class=\"elementor elementor-126272\" data-elementor-post-type=\"page\">\n\t\t\t\t<div class=\"elementor-element elementor-element-10999f19 e-con-full e-flex e-con e-child\" data-id=\"10999f19\" data-element_type=\"container\" data-e-type=\"container\">\n\t\t\t\t<div class=\"elementor-element elementor-element-64596326 elementor-widget elementor-widget-image\" data-id=\"64596326\" data-element_type=\"widget\" data-e-type=\"widget\" data-widget_type=\"image.default\">\n\t\t\t\t<div class=\"elementor-widget-container\">\n\t\t\t\t\t\t\t\t\t\t\t\t\t\t\t<img decoding=\"async\" src=\"https:\/\/colbritanico.edu.co\/wp-content\/uploads\/sites\/27\/2025\/04\/Banners-Web-CBC-politicas.jpg?w=1440\" title=\"Banners-Web-CBC-politicas\" alt=\"Banners-Web-CBC-politicas\" loading=\"lazy\" \/>\t\t\t\t\t\t\t\t\t\t\t\t\t\t\t<\/div>\n\t\t\t\t<\/div>\n\t\t\t\t<\/div>\n\t\t<div class=\"elementor-element elementor-element-ee46959 e-flex e-con-boxed e-con e-parent\" data-id=\"ee46959\" data-element_type=\"container\" data-e-type=\"container\">\n\t\t\t\t\t<div class=\"e-con-inner\">\n\t\t\t\t<div class=\"elementor-element elementor-element-f43d962 elementor-widget elementor-widget-text-editor\" data-id=\"f43d962\" data-element_type=\"widget\" data-e-type=\"widget\" data-widget_type=\"text-editor.default\">\n\t\t\t\t<div class=\"elementor-widget-container\">\n\t\t\t\t\t\t\t\t\t<ul><li><a href=\"https:\/\/colbritanico.edu.co\/wp-content\/uploads\/sites\/27\/2025\/12\/GA-M-CBC-01-V3-MANUAL-DE-CONVIVENCIA-ESCOLAR-1.pdf\">GA-M-CBC-01 Manual de Convivencia 2025-2026 <\/a><\/li><li><a href=\"https:\/\/colbritanico.edu.co\/wp-content\/uploads\/sites\/27\/2025\/02\/Politica-HS.pdf\">Pol\u00edtica H&amp;S<\/a><\/li><li><a href=\"https:\/\/colbritanico.edu.co\/wp-content\/uploads\/sites\/27\/2025\/02\/politica-de-proteccion-y-tratamiento-de-datos-personales-cbc.pdf\">Pol\u00edtica de protecci\u00f3n y tratamiento de datos personales.<\/a><\/li><li><a href=\"https:\/\/colbritanico.edu.co\/wp-content\/uploads\/sites\/27\/2025\/10\/SGC_Redcol_2023.pdf\">Sistema de Gesti\u00f3n de Calidad<\/a><\/li><li><p class=\"p1\"><a href=\"https:\/\/colbritanico.edu.co\/wp-content\/uploads\/sites\/27\/2025\/10\/Politica-y-objetivos-de-calidad-CBC.pdf\"><b>Pol\u00edtica y objetivos de calidad<\/b><\/a><\/p><\/li><\/ul>\t\t\t\t\t\t\t\t<\/div>\n\t\t\t\t<\/div>\n\t\t\t\t\t<\/div>\n\t\t\t\t<\/div>\n\t\t\t\t<\/div>\n\t\t","protected":false},"excerpt":{"rendered":"<p>GA-M-CBC-01 Manual de Convivencia 2025-2026 Pol\u00edtica H&amp;S Pol\u00edtica de protecci\u00f3n y tratamiento de datos personales. Sistema de Gesti\u00f3n de Calidad Pol\u00edtica y objetivos de calidad<\/p>\n","protected":false},"author":14,"featured_media":0,"parent":0,"menu_order":0,"comment_status":"closed","ping_status":"closed","template":"elementor_header_footer","meta":{"_acf_changed":false,"content-type":"","footnotes":""},"class_list":["post-126272","page","type-page","status-publish","hentry"],"acf":[],"yoast_head":"<!-- This site is optimized with the Yoast SEO plugin v27.1.1 - https:\/\/yoast.com\/product\/yoast-seo-wordpress\/ -->\n<title>Pol\u00edticas - Colegio Brit\u00e1nico de Cartagena | Colegios Redcol<\/title>\n<meta name=\"robots\" content=\"index, follow, max-snippet:-1, max-image-preview:large, max-video-preview:-1\" \/>\n<link rel=\"canonical\" href=\"https:\/\/colbritanico.edu.co\/es\/politicas\/\" \/>\n<meta property=\"og:locale\" content=\"es_ES\" \/>\n<meta property=\"og:type\" content=\"article\" \/>\n<meta property=\"og:title\" content=\"Pol\u00edticas - Colegio Brit\u00e1nico de Cartagena | Colegios Redcol\" \/>\n<meta property=\"og:description\" content=\"GA-M-CBC-01 Manual de Convivencia 2025-2026 Pol\u00edtica H&amp;S Pol\u00edtica de protecci\u00f3n y tratamiento de datos personales. Sistema de Gesti\u00f3n de Calidad Pol\u00edtica y objetivos de calidad\" \/>\n<meta property=\"og:url\" content=\"https:\/\/colbritanico.edu.co\/es\/politicas\/\" \/>\n<meta property=\"og:site_name\" content=\"Colegio Brit\u00e1nico de Cartagena | Colegios Redcol\" \/>\n<meta property=\"article:publisher\" content=\"https:\/\/www.youtube.com\/channel\/UCNsY0DncAaxQNPhU-9N0kvw\" \/>\n<meta property=\"article:modified_time\" content=\"2025-12-05T17:12:05+00:00\" \/>\n<meta property=\"og:image\" content=\"https:\/\/colbritanico.edu.co\/wp-content\/uploads\/sites\/27\/2025\/04\/Banners-Web-CBC-politicas.jpg?w=1440\" \/>\n<meta name=\"twitter:card\" content=\"summary_large_image\" \/>\n<meta name=\"twitter:label1\" content=\"Tiempo de lectura\" \/>\n\t<meta name=\"twitter:data1\" content=\"1 minuto\" \/>\n<script type=\"application\/ld+json\" class=\"yoast-schema-graph\">{\"@context\":\"https:\/\/schema.org\",\"@graph\":[{\"@type\":\"WebPage\",\"@id\":\"https:\/\/colbritanico.edu.co\/es\/politicas\/\",\"url\":\"https:\/\/colbritanico.edu.co\/es\/politicas\/\",\"name\":\"Pol\u00edticas - Colegio Brit\u00e1nico de Cartagena | Colegios Redcol\",\"isPartOf\":{\"@id\":\"https:\/\/colbritanico.edu.co\/es\/#website\"},\"primaryImageOfPage\":{\"@id\":\"https:\/\/colbritanico.edu.co\/es\/politicas\/#primaryimage\"},\"image\":{\"@id\":\"https:\/\/colbritanico.edu.co\/es\/politicas\/#primaryimage\"},\"thumbnailUrl\":\"https:\/\/colbritanico.edu.co\/wp-content\/uploads\/sites\/27\/2025\/04\/Banners-Web-CBC-politicas.jpg?w=1440\",\"datePublished\":\"2024-12-18T22:09:53+00:00\",\"dateModified\":\"2025-12-05T17:12:05+00:00\",\"breadcrumb\":{\"@id\":\"https:\/\/colbritanico.edu.co\/es\/politicas\/#breadcrumb\"},\"inLanguage\":\"es\",\"potentialAction\":[{\"@type\":\"ReadAction\",\"target\":[\"https:\/\/colbritanico.edu.co\/es\/politicas\/\"]}]},{\"@type\":\"ImageObject\",\"inLanguage\":\"es\",\"@id\":\"https:\/\/colbritanico.edu.co\/es\/politicas\/#primaryimage\",\"url\":\"https:\/\/colbritanico.edu.co\/wp-content\/uploads\/sites\/27\/2025\/04\/Banners-Web-CBC-politicas.jpg?w=1440\",\"contentUrl\":\"https:\/\/colbritanico.edu.co\/wp-content\/uploads\/sites\/27\/2025\/04\/Banners-Web-CBC-politicas.jpg?w=1440\"},{\"@type\":\"BreadcrumbList\",\"@id\":\"https:\/\/colbritanico.edu.co\/es\/politicas\/#breadcrumb\",\"itemListElement\":[{\"@type\":\"ListItem\",\"position\":1,\"name\":\"Home\",\"item\":\"https:\/\/colbritanico.edu.co\/es\/\"},{\"@type\":\"ListItem\",\"position\":2,\"name\":\"Pol\u00edticas\"}]},{\"@type\":\"WebSite\",\"@id\":\"https:\/\/colbritanico.edu.co\/es\/#website\",\"url\":\"https:\/\/colbritanico.edu.co\/es\/\",\"name\":\"Colegio Brit\u00e1nico de Cartagena | Colegios Redcol\",\"description\":\"Somos un colegio internacional con metodolog\u00edas activas de aprendizaje en preescolar, primaria y secundaria, que forma l\u00edderes para transformar el mundo. \u00a1Queremos conocerte!\",\"publisher\":{\"@id\":\"https:\/\/colbritanico.edu.co\/es\/#organization\"},\"potentialAction\":[{\"@type\":\"SearchAction\",\"target\":{\"@type\":\"EntryPoint\",\"urlTemplate\":\"https:\/\/colbritanico.edu.co\/es\/?s={search_term_string}\"},\"query-input\":{\"@type\":\"PropertyValueSpecification\",\"valueRequired\":true,\"valueName\":\"search_term_string\"}}],\"inLanguage\":\"es\"},{\"@type\":\"Organization\",\"@id\":\"https:\/\/colbritanico.edu.co\/es\/#organization\",\"name\":\"Colegio Brit\u00e1nico de Cartagena | Colegios Redcol\",\"url\":\"https:\/\/colbritanico.edu.co\/es\/\",\"logo\":{\"@type\":\"ImageObject\",\"inLanguage\":\"es\",\"@id\":\"https:\/\/colbritanico.edu.co\/es\/#\/schema\/logo\/image\/\",\"url\":\"https:\/\/colbritanico.edu.co\/wp-content\/uploads\/sites\/27\/2025\/02\/Logo-45-anos-CBC-v2.png\",\"contentUrl\":\"https:\/\/colbritanico.edu.co\/wp-content\/uploads\/sites\/27\/2025\/02\/Logo-45-anos-CBC-v2.png\",\"width\":973,\"height\":588,\"caption\":\"Colegio Brit\u00e1nico de Cartagena | Colegios Redcol\"},\"image\":{\"@id\":\"https:\/\/colbritanico.edu.co\/es\/#\/schema\/logo\/image\/\"},\"sameAs\":[\"https:\/\/www.youtube.com\/channel\/UCNsY0DncAaxQNPhU-9N0kvw\",\"https:\/\/www.instagram.com\/colbritanicocartagena\/?hl=es-la\"]}]}<\/script>\n<!-- \/ Yoast SEO plugin. -->","yoast_head_json":{"title":"Pol\u00edticas - Colegio Brit\u00e1nico de Cartagena | Colegios Redcol","robots":{"index":"index","follow":"follow","max-snippet":"max-snippet:-1","max-image-preview":"max-image-preview:large","max-video-preview":"max-video-preview:-1"},"canonical":"https:\/\/colbritanico.edu.co\/es\/politicas\/","og_locale":"es_ES","og_type":"article","og_title":"Pol\u00edticas - Colegio Brit\u00e1nico de Cartagena | Colegios Redcol","og_description":"GA-M-CBC-01 Manual de Convivencia 2025-2026 Pol\u00edtica H&amp;S Pol\u00edtica de protecci\u00f3n y tratamiento de datos personales. Sistema de Gesti\u00f3n de Calidad Pol\u00edtica y objetivos de calidad","og_url":"https:\/\/colbritanico.edu.co\/es\/politicas\/","og_site_name":"Colegio Brit\u00e1nico de Cartagena | Colegios Redcol","article_publisher":"https:\/\/www.youtube.com\/channel\/UCNsY0DncAaxQNPhU-9N0kvw","article_modified_time":"2025-12-05T17:12:05+00:00","og_image":[{"url":"https:\/\/colbritanico.edu.co\/wp-content\/uploads\/sites\/27\/2025\/04\/Banners-Web-CBC-politicas.jpg?w=1440","type":"","width":"","height":""}],"twitter_card":"summary_large_image","twitter_misc":{"Tiempo de lectura":"1 minuto"},"schema":{"@context":"https:\/\/schema.org","@graph":[{"@type":"WebPage","@id":"https:\/\/colbritanico.edu.co\/es\/politicas\/","url":"https:\/\/colbritanico.edu.co\/es\/politicas\/","name":"Pol\u00edticas - Colegio Brit\u00e1nico de Cartagena | Colegios Redcol","isPartOf":{"@id":"https:\/\/colbritanico.edu.co\/es\/#website"},"primaryImageOfPage":{"@id":"https:\/\/colbritanico.edu.co\/es\/politicas\/#primaryimage"},"image":{"@id":"https:\/\/colbritanico.edu.co\/es\/politicas\/#primaryimage"},"thumbnailUrl":"https:\/\/colbritanico.edu.co\/wp-content\/uploads\/sites\/27\/2025\/04\/Banners-Web-CBC-politicas.jpg?w=1440","datePublished":"2024-12-18T22:09:53+00:00","dateModified":"2025-12-05T17:12:05+00:00","breadcrumb":{"@id":"https:\/\/colbritanico.edu.co\/es\/politicas\/#breadcrumb"},"inLanguage":"es","potentialAction":[{"@type":"ReadAction","target":["https:\/\/colbritanico.edu.co\/es\/politicas\/"]}]},{"@type":"ImageObject","inLanguage":"es","@id":"https:\/\/colbritanico.edu.co\/es\/politicas\/#primaryimage","url":"https:\/\/colbritanico.edu.co\/wp-content\/uploads\/sites\/27\/2025\/04\/Banners-Web-CBC-politicas.jpg?w=1440","contentUrl":"https:\/\/colbritanico.edu.co\/wp-content\/uploads\/sites\/27\/2025\/04\/Banners-Web-CBC-politicas.jpg?w=1440"},{"@type":"BreadcrumbList","@id":"https:\/\/colbritanico.edu.co\/es\/politicas\/#breadcrumb","itemListElement":[{"@type":"ListItem","position":1,"name":"Home","item":"https:\/\/colbritanico.edu.co\/es\/"},{"@type":"ListItem","position":2,"name":"Pol\u00edticas"}]},{"@type":"WebSite","@id":"https:\/\/colbritanico.edu.co\/es\/#website","url":"https:\/\/colbritanico.edu.co\/es\/","name":"Colegio Brit\u00e1nico de Cartagena | Colegios Redcol","description":"Somos un colegio internacional con metodolog\u00edas activas de aprendizaje en preescolar, primaria y secundaria, que forma l\u00edderes para transformar el mundo. \u00a1Queremos conocerte!","publisher":{"@id":"https:\/\/colbritanico.edu.co\/es\/#organization"},"potentialAction":[{"@type":"SearchAction","target":{"@type":"EntryPoint","urlTemplate":"https:\/\/colbritanico.edu.co\/es\/?s={search_term_string}"},"query-input":{"@type":"PropertyValueSpecification","valueRequired":true,"valueName":"search_term_string"}}],"inLanguage":"es"},{"@type":"Organization","@id":"https:\/\/colbritanico.edu.co\/es\/#organization","name":"Colegio Brit\u00e1nico de Cartagena | Colegios Redcol","url":"https:\/\/colbritanico.edu.co\/es\/","logo":{"@type":"ImageObject","inLanguage":"es","@id":"https:\/\/colbritanico.edu.co\/es\/#\/schema\/logo\/image\/","url":"https:\/\/colbritanico.edu.co\/wp-content\/uploads\/sites\/27\/2025\/02\/Logo-45-anos-CBC-v2.png","contentUrl":"https:\/\/colbritanico.edu.co\/wp-content\/uploads\/sites\/27\/2025\/02\/Logo-45-anos-CBC-v2.png","width":973,"height":588,"caption":"Colegio Brit\u00e1nico de Cartagena | Colegios Redcol"},"image":{"@id":"https:\/\/colbritanico.edu.co\/es\/#\/schema\/logo\/image\/"},"sameAs":["https:\/\/www.youtube.com\/channel\/UCNsY0DncAaxQNPhU-9N0kvw","https:\/\/www.instagram.com\/colbritanicocartagena\/?hl=es-la"]}]}},"jetpack_sharing_enabled":true,"_links":{"self":[{"href":"https:\/\/colbritanico.edu.co\/es\/wp-json\/wp\/v2\/pages\/126272","targetHints":{"allow":["GET"]}}],"collection":[{"href":"https:\/\/colbritanico.edu.co\/es\/wp-json\/wp\/v2\/pages"}],"about":[{"href":"https:\/\/colbritanico.edu.co\/es\/wp-json\/wp\/v2\/types\/page"}],"author":[{"embeddable":true,"href":"https:\/\/colbritanico.edu.co\/es\/wp-json\/wp\/v2\/users\/14"}],"replies":[{"embeddable":true,"href":"https:\/\/colbritanico.edu.co\/es\/wp-json\/wp\/v2\/comments?post=126272"}],"version-history":[{"count":19,"href":"https:\/\/colbritanico.edu.co\/es\/wp-json\/wp\/v2\/pages\/126272\/revisions"}],"predecessor-version":[{"id":130967,"href":"https:\/\/colbritanico.edu.co\/es\/wp-json\/wp\/v2\/pages\/126272\/revisions\/130967"}],"wp:attachment":[{"href":"https:\/\/colbritanico.edu.co\/es\/wp-json\/wp\/v2\/media?parent=126272"}],"curies":[{"name":"wp","href":"https:\/\/api.w.org\/{rel}","templated":true}]}}